

{"id":10717,"date":"2022-09-05T12:21:21","date_gmt":"2022-09-05T12:21:21","guid":{"rendered":"https:\/\/bwproject.net\/hakkimizda\/"},"modified":"2022-09-25T20:04:39","modified_gmt":"2022-09-25T20:04:39","slug":"about-us","status":"publish","type":"page","link":"https:\/\/bwproject.net\/en\/about-us\/","title":{"rendered":"About Us"},"content":{"rendered":"\t\t<div data-elementor-type=\"wp-page\" data-elementor-id=\"10717\" class=\"elementor elementor-10717 elementor-33\">\n\t\t\t\t\t\t<section class=\"elementor-section elementor-top-section elementor-element elementor-element-22d1a69 elementor-section-boxed elementor-section-height-default elementor-section-height-default\" data-id=\"22d1a69\" data-element_type=\"section\">\n\t\t\t\t\t\t<div class=\"elementor-container elementor-column-gap-default\">\n\t\t\t\t\t<div class=\"elementor-column elementor-col-100 elementor-top-column elementor-element elementor-element-fa9459d\" data-id=\"fa9459d\" data-element_type=\"column\">\n\t\t\t<div class=\"elementor-widget-wrap elementor-element-populated\">\n\t\t\t\t\t\t<div class=\"elementor-element elementor-element-735ede6 elementor-widget elementor-widget-text-editor\" data-id=\"735ede6\" data-element_type=\"widget\" data-widget_type=\"text-editor.default\">\n\t\t\t\t<div class=\"elementor-widget-container\">\n\t\t\t\t\t\t\t\t\t<p><strong><span style=\"color: #000000;\">BLACK&amp;WHITE HAKKINDA<\/span><\/strong><\/p><p>1976\u2019dan bu yana kaliteli \u00fcr\u00fcnlerle, m\u00fc\u015fteri memnuniyetini \u00f6nemseyerek ve s\u00fcrekli yenilenerek ilerledik.<\/p><p>Eski ve yeninin, do\u011fuyla bat\u0131n\u0131n sentezlendi\u011fi tasar\u0131mlar\u0131m\u0131z\u0131n her ad\u0131m\u0131nda en geli\u015fmi\u015f teknoloji ve y\u00f6ntemleri kulland\u0131k, en iyi kaliteyi sunabilmek i\u00e7in.<\/p><p>Kuyumculuk alan\u0131nda T\u00fcrkiye\u2019de ilk 3D Bilgisayarl\u0131 tasar\u0131m, 3D Printer ile \u00fcretim, lazer makinas\u0131 kullan\u0131m\u0131 gibi bir\u00e7ok konuda \u00f6nc\u00fcl\u00fck etti\u011fimiz ilklerin gururunu hep ya\u015fad\u0131k. Bu s\u00fcre\u00e7lerin k\u0131ymetini bilerek, daha da ileri ta\u015f\u0131mak \u00fczere kendimizi geli\u015ftirmeye devam ediyoruz.<\/p><p>Alan\u0131nda son teknoloji olan 3D Printer makinelerimizle tasar\u0131mlar\u0131m\u0131z\u0131 kusursuz \u015fekilde print ederek sizlere d\u00f6k\u00fcme haz\u0131r halde teslim ediyoruz.Teknolojiye verdi\u011fimiz \u00f6nemi yeni d\u00f6neme uygun, ki\u015fiye \u00f6zel, iste\u011fe g\u00f6re \u00fcretim imkanlar\u0131n\u0131n da bulundu\u011fu kapsaml\u0131 bir \u00e7al\u0131\u015fmayla sizlere sunuyoruz.<\/p><p>\u00a0<\/p><p>\u00a0<\/p>\t\t\t\t\t\t\t\t<\/div>\n\t\t\t\t<\/div>\n\t\t\t\t\t<\/div>\n\t\t<\/div>\n\t\t\t\t\t<\/div>\n\t\t<\/section>\n\t\t\t\t<\/div>\n\t\t","protected":false},"excerpt":{"rendered":"<p>BLACK&amp;WHITE HAKKINDA 1976\u2019dan bu yana kaliteli \u00fcr\u00fcnlerle, m\u00fc\u015fteri memnuniyetini \u00f6nemseyerek ve s\u00fcrekli yenilenerek ilerledik. Eski ve yeninin, do\u011fuyla bat\u0131n\u0131n sentezlendi\u011fi tasar\u0131mlar\u0131m\u0131z\u0131n her ad\u0131m\u0131nda en geli\u015fmi\u015f&#8230;<\/p>\n","protected":false},"author":1,"featured_media":0,"parent":0,"menu_order":0,"comment_status":"closed","ping_status":"closed","template":"","meta":{"_joinchat":[],"footnotes":""},"class_list":["post-10717","page","type-page","status-publish","hentry"],"_links":{"self":[{"href":"https:\/\/bwproject.net\/en\/wp-json\/wp\/v2\/pages\/10717","targetHints":{"allow":["GET"]}}],"collection":[{"href":"https:\/\/bwproject.net\/en\/wp-json\/wp\/v2\/pages"}],"about":[{"href":"https:\/\/bwproject.net\/en\/wp-json\/wp\/v2\/types\/page"}],"author":[{"embeddable":true,"href":"https:\/\/bwproject.net\/en\/wp-json\/wp\/v2\/users\/1"}],"replies":[{"embeddable":true,"href":"https:\/\/bwproject.net\/en\/wp-json\/wp\/v2\/comments?post=10717"}],"version-history":[{"count":0,"href":"https:\/\/bwproject.net\/en\/wp-json\/wp\/v2\/pages\/10717\/revisions"}],"wp:attachment":[{"href":"https:\/\/bwproject.net\/en\/wp-json\/wp\/v2\/media?parent=10717"}],"curies":[{"name":"wp","href":"https:\/\/api.w.org\/{rel}","templated":true}]}}