

{"id":10736,"date":"2022-09-19T19:13:24","date_gmt":"2022-09-19T19:13:24","guid":{"rendered":"https:\/\/bwproject.net\/kullanim-sartlari\/"},"modified":"2022-09-25T20:01:59","modified_gmt":"2022-09-25T20:01:59","slug":"terms-of-use","status":"publish","type":"page","link":"https:\/\/bwproject.net\/en\/terms-of-use\/","title":{"rendered":"Terms Of Use"},"content":{"rendered":"\t\t<div data-elementor-type=\"wp-page\" data-elementor-id=\"10736\" class=\"elementor elementor-10736 elementor-6608\">\n\t\t\t\t\t\t<section class=\"elementor-section elementor-top-section elementor-element elementor-element-a4fe39a elementor-section-boxed elementor-section-height-default elementor-section-height-default\" data-id=\"a4fe39a\" data-element_type=\"section\">\n\t\t\t\t\t\t<div class=\"elementor-container elementor-column-gap-default\">\n\t\t\t\t\t<div class=\"elementor-column elementor-col-100 elementor-top-column elementor-element elementor-element-7b35e21\" data-id=\"7b35e21\" data-element_type=\"column\">\n\t\t\t<div class=\"elementor-widget-wrap elementor-element-populated\">\n\t\t\t\t\t\t<div class=\"elementor-element elementor-element-60f9441 elementor-widget elementor-widget-text-editor\" data-id=\"60f9441\" data-element_type=\"widget\" data-widget_type=\"text-editor.default\">\n\t\t\t\t<div class=\"elementor-widget-container\">\n\t\t\t\t\t\t\t\t\t<p>KULLANIM \u015eARTLARI<\/p><p><strong>Kullan\u0131m \u015eartlar\u0131<\/strong><\/p><p>bwproject.net\u2019den al\u0131\u015fveri\u015f yapmak i\u00e7in sisteme \u00fcye olmak zorunda de\u011filsiniz. Ancak \u00e7e\u015fitli avantajlardan yararlanabilmeniz, sonraki al\u0131\u015fveri\u015flerinizi daha da h\u0131zl\u0131 bir \u015fekilde ger\u00e7ekle\u015ftirebilmeniz i\u00e7in \u00fcye olman\u0131z\u0131 tavsiye ediyoruz. \u00dcye olmak son derece kolay ve \u00fccretsizdir.<\/p><p>bwproject.net\u2019de sat\u0131\u015fa sunulan t\u00fcm \u00fcr\u00fcnlerin fiyatlar\u0131 ve uygulanan sat\u0131\u015f ko\u015fullar\u0131, yaln\u0131zca bwproject.net\u2019de ge\u00e7erlidir.<\/p><p>Black&amp;White, bwproject.net\u2019de yay\u0131nlanan fiyatlar\u0131, g\u00f6rselleri, \u00f6zellikleri ve t\u00fcm di\u011fer bilgileri \u00f6nceden haber vermeden de\u011fi\u015ftirme hakk\u0131n\u0131 sakl\u0131 tutar.<\/p><p>bwproject.net\u2019de, dizgi ve sistem hatalar\u0131ndan kaynaklanan fiyat ve i\u00e7erik hatalar\u0131ndan sorumlu de\u011fildir. bwproject.net , fiyat\u0131, kapsam ve \u00f6zellikleri hatal\u0131 g\u00f6sterilen sipari\u015fleri iptal etme hakk\u0131n\u0131 sakl\u0131 tutar.<\/p><p>bwproject.net , kendisinin belirledi\u011fi g\u00fcvenlik kriterleri ile yapt\u0131\u011f\u0131 inceleme sonucu, sipari\u015fe konu kredi kart\u0131 ve di\u011fer \u00f6deme ara\u00e7lar\u0131yla ilgili sahtecilik \u015f\u00fcphesinde sipari\u015fi iptal etme ya da sipari\u015f sahibiyle ileti\u015fime ge\u00e7erek, i\u015flem g\u00fcvenli\u011finin sa\u011flanmas\u0131 i\u00e7in ek bilgiler talep etme hakk\u0131n\u0131 sakl\u0131 tutar. Yap\u0131lan g\u00fcvenlik incelemesi sonucu elde edilen bulgular\u0131, sipari\u015f sahibi ile payla\u015fma zorunlulu\u011fu bulunmamaktad\u0131r.<\/p><p>bwproject.net\u2019den al\u0131\u015fveri\u015f yapt\u0131\u011f\u0131n\u0131zda, bunun ki\u015fisel kullan\u0131m ama\u00e7l\u0131 bir al\u0131\u015fveri\u015f oldu\u011funu, yeniden sat\u0131\u015f ama\u00e7l\u0131 olmad\u0131\u011f\u0131n\u0131 kabul etmi\u015f olmaktas\u0131n\u0131z.<\/p><p>bwproject.net\u2019de yay\u0131nlanan hi\u00e7bir metin ya da g\u00f6rsel izinsiz olarak kullan\u0131lamaz. Bu sitede yer alan hi\u00e7bir i\u00e7erik, Black&amp;White\u2019\u0131n izni olmadan, yay\u0131nlanamaz, kopyalanamaz, tekrar \u00fcretilemez.<\/p><p>Havale\/EFT sipari\u015flerinin i\u015fleme al\u0131nma tarihi, sipari\u015fin verildi\u011fi tarih de\u011fil, \u00f6demenin banka hesaplar\u0131m\u0131za ula\u015ft\u0131\u011f\u0131n\u0131n g\u00f6r\u00fcld\u00fc\u011f\u00fc tarihtir.<\/p><p>Havale\/EFT sipari\u015flerinde, 1 hafta i\u00e7inde \u00f6demesi ger\u00e7ekle\u015ftirilmeyen ve ard\u0131ndan \u201chavale\/EFT yapt\u0131m\u201d butonu t\u0131klanarak i\u015flemin ger\u00e7ekle\u015ftirildi\u011fi bwproject.net\u2019e bildirilmeyen sipari\u015fler iptal edilir.<\/p><p>Black&amp;White, bwproject.net\u2019de sat\u0131\u015fa sundu\u011fu her \u00fcr\u00fcn\u00fc sto\u011funda tutmamaktad\u0131r. Sipari\u015f edilen \u00fcr\u00fcnler, gerekli g\u00f6r\u00fcld\u00fc\u011f\u00fc durumlarda \u00fcretilmektedir. Ancak \u00e7e\u015fitli sebeplerle, sipari\u015f verilen ve stokta olmayan \u00fcr\u00fcnlerin \u00fcretimi m\u00fcmk\u00fcn olmayabilir. Bu durumda sipari\u015fi veren ki\u015fi, e-posta ya da telefon arac\u0131l\u0131\u011f\u0131yla bilgilendirilir ve \u00fcr\u00fcn i\u00e7in al\u0131nan t\u00fcm tutar, sipari\u015f kredi kart\u0131 kullan\u0131larak verildiyse, kredi kart\u0131na, havale\/EFT yoluyla verildiyse, banka hesab\u0131na 1 hafta i\u00e7inde iade edilir.<\/p><p>18 ya\u015f\u0131ndan k\u00fc\u00e7\u00fck ki\u015filer bwproject.net\u2019den al\u0131\u015fveri\u015f yapamazlar.<\/p><p>bwproject.net web sitesini kulland\u0131\u011f\u0131n\u0131zda, yukar\u0131daki h\u00fck\u00fcm ve ko\u015fullar\u0131 okumu\u015f, anlam\u0131\u015f ve kabul etmi\u015f olmaktas\u0131n\u0131z.<\/p><p>\u00a0<\/p>\t\t\t\t\t\t\t\t<\/div>\n\t\t\t\t<\/div>\n\t\t\t\t\t<\/div>\n\t\t<\/div>\n\t\t\t\t\t<\/div>\n\t\t<\/section>\n\t\t\t\t<\/div>\n\t\t","protected":false},"excerpt":{"rendered":"<p>KULLANIM \u015eARTLARI Kullan\u0131m \u015eartlar\u0131 bwproject.net\u2019den al\u0131\u015fveri\u015f yapmak i\u00e7in sisteme \u00fcye olmak zorunda de\u011filsiniz. Ancak \u00e7e\u015fitli avantajlardan yararlanabilmeniz, sonraki al\u0131\u015fveri\u015flerinizi daha da h\u0131zl\u0131 bir \u015fekilde ger\u00e7ekle\u015ftirebilmeniz&#8230;<\/p>\n","protected":false},"author":1,"featured_media":0,"parent":0,"menu_order":0,"comment_status":"closed","ping_status":"closed","template":"","meta":{"_joinchat":[],"footnotes":""},"class_list":["post-10736","page","type-page","status-publish","hentry"],"_links":{"self":[{"href":"https:\/\/bwproject.net\/en\/wp-json\/wp\/v2\/pages\/10736","targetHints":{"allow":["GET"]}}],"collection":[{"href":"https:\/\/bwproject.net\/en\/wp-json\/wp\/v2\/pages"}],"about":[{"href":"https:\/\/bwproject.net\/en\/wp-json\/wp\/v2\/types\/page"}],"author":[{"embeddable":true,"href":"https:\/\/bwproject.net\/en\/wp-json\/wp\/v2\/users\/1"}],"replies":[{"embeddable":true,"href":"https:\/\/bwproject.net\/en\/wp-json\/wp\/v2\/comments?post=10736"}],"version-history":[{"count":0,"href":"https:\/\/bwproject.net\/en\/wp-json\/wp\/v2\/pages\/10736\/revisions"}],"wp:attachment":[{"href":"https:\/\/bwproject.net\/en\/wp-json\/wp\/v2\/media?parent=10736"}],"curies":[{"name":"wp","href":"https:\/\/api.w.org\/{rel}","templated":true}]}}