

{"id":10988,"date":"2022-09-05T12:21:42","date_gmt":"2022-09-05T09:21:42","guid":{"rendered":"https:\/\/bwproject.net\/iletisim\/"},"modified":"2024-02-09T17:12:04","modified_gmt":"2024-02-09T14:12:04","slug":"contact-us","status":"publish","type":"page","link":"https:\/\/bwproject.net\/en\/contact-us\/","title":{"rendered":"Contact Us"},"content":{"rendered":"\t\t<div data-elementor-type=\"wp-page\" data-elementor-id=\"10988\" class=\"elementor elementor-10988 elementor-35\">\n\t\t\t\t\t\t<section class=\"elementor-section elementor-top-section elementor-element elementor-element-3564663 elementor-section-content-middle elementor-section-boxed elementor-section-height-default elementor-section-height-default\" data-id=\"3564663\" data-element_type=\"section\">\n\t\t\t\t\t\t<div class=\"elementor-container elementor-column-gap-default\">\n\t\t\t\t\t<div class=\"elementor-column elementor-col-50 elementor-top-column elementor-element elementor-element-f4b1b2e\" data-id=\"f4b1b2e\" data-element_type=\"column\">\n\t\t\t<div class=\"elementor-widget-wrap elementor-element-populated\">\n\t\t\t\t\t\t<div class=\"elementor-element elementor-element-bf81cee elementor-widget elementor-widget-google_maps\" data-id=\"bf81cee\" data-element_type=\"widget\" data-widget_type=\"google_maps.default\">\n\t\t\t\t<div class=\"elementor-widget-container\">\n\t\t\t\t\t\t\t<div class=\"elementor-custom-embed\">\n\t\t\t<iframe loading=\"lazy\"\n\t\t\t\t\tsrc=\"https:\/\/maps.google.com\/maps?q=T%C3%9CRK%C4%B0YE%2C%C4%B0STANBUL%2C%20KUYUMCUKENT&#038;t=m&#038;z=10&#038;output=embed&#038;iwloc=near\"\n\t\t\t\t\ttitle=\"T\u00dcRK\u0130YE,\u0130STANBUL, KUYUMCUKENT\"\n\t\t\t\t\taria-label=\"T\u00dcRK\u0130YE,\u0130STANBUL, KUYUMCUKENT\"\n\t\t\t><\/iframe>\n\t\t<\/div>\n\t\t\t\t\t\t<\/div>\n\t\t\t\t<\/div>\n\t\t\t\t\t<\/div>\n\t\t<\/div>\n\t\t\t\t<div class=\"elementor-column elementor-col-50 elementor-top-column elementor-element elementor-element-5cbc8ee\" data-id=\"5cbc8ee\" data-element_type=\"column\">\n\t\t\t<div class=\"elementor-widget-wrap elementor-element-populated\">\n\t\t\t\t\t\t<div class=\"elementor-element elementor-element-f615cfc elementor-widget elementor-widget-text-editor\" data-id=\"f615cfc\" data-element_type=\"widget\" data-widget_type=\"text-editor.default\">\n\t\t\t\t<div class=\"elementor-widget-container\">\n\t\t\t\t\t\t\t\t\t<p><strong><span style=\"color: #000000;\">CONTACT INFORMATIONS<\/span><\/strong><\/p>\n<p><strong>Title: <\/strong>Notta Kuyumculuk \u0130thalat \u0130hracak ve D\u0131\u015f Ticaret LTD.<\/p>\n<p><strong>Adress: <\/strong>Yenibosna Merkez Mah. Ladin Sk. Kuyumcukent AVM, NO:383 Bah\u00e7elievler\/\u0130stanbul<\/p>\n<p><strong>Phone:<\/strong> +90 530 707 2426<\/p>\n<p><strong>E-Mail:&nbsp;<\/strong>info@bwproject.net<\/p>\t\t\t\t\t\t\t\t<\/div>\n\t\t\t\t<\/div>\n\t\t\t\t\t<\/div>\n\t\t<\/div>\n\t\t\t\t\t<\/div>\n\t\t<\/section>\n\t\t\t\t<\/div>\n\t\t","protected":false},"excerpt":{"rendered":"<p>CONTACT INFORMATIONS Title: Notta Kuyumculuk \u0130thalat \u0130hracak ve D\u0131\u015f Ticaret LTD. Adress: Yenibosna Merkez Mah. Ladin Sk. Kuyumcukent AVM, NO:383 Bah\u00e7elievler\/\u0130stanbul Phone: +90 530 707&#8230;<\/p>\n","protected":false},"author":1,"featured_media":0,"parent":0,"menu_order":0,"comment_status":"closed","ping_status":"closed","template":"","meta":{"_joinchat":[],"footnotes":""},"class_list":["post-10988","page","type-page","status-publish","hentry"],"_links":{"self":[{"href":"https:\/\/bwproject.net\/en\/wp-json\/wp\/v2\/pages\/10988","targetHints":{"allow":["GET"]}}],"collection":[{"href":"https:\/\/bwproject.net\/en\/wp-json\/wp\/v2\/pages"}],"about":[{"href":"https:\/\/bwproject.net\/en\/wp-json\/wp\/v2\/types\/page"}],"author":[{"embeddable":true,"href":"https:\/\/bwproject.net\/en\/wp-json\/wp\/v2\/users\/1"}],"replies":[{"embeddable":true,"href":"https:\/\/bwproject.net\/en\/wp-json\/wp\/v2\/comments?post=10988"}],"version-history":[{"count":3,"href":"https:\/\/bwproject.net\/en\/wp-json\/wp\/v2\/pages\/10988\/revisions"}],"predecessor-version":[{"id":82939,"href":"https:\/\/bwproject.net\/en\/wp-json\/wp\/v2\/pages\/10988\/revisions\/82939"}],"wp:attachment":[{"href":"https:\/\/bwproject.net\/en\/wp-json\/wp\/v2\/media?parent=10988"}],"curies":[{"name":"wp","href":"https:\/\/api.w.org\/{rel}","templated":true}]}}