

{"id":14547,"date":"2022-09-29T11:56:19","date_gmt":"2022-09-29T08:56:19","guid":{"rendered":"https:\/\/bwproject.net\/odeme-bilgileri\/"},"modified":"2024-03-01T18:38:42","modified_gmt":"2024-03-01T15:38:42","slug":"odeme-bilgileri","status":"publish","type":"page","link":"https:\/\/bwproject.net\/en\/odeme-bilgileri\/","title":{"rendered":"\u00d6deme Bilgileri"},"content":{"rendered":"\t\t<div data-elementor-type=\"wp-page\" data-elementor-id=\"14547\" class=\"elementor elementor-14547 elementor-14500\">\n\t\t\t\t\t\t<section class=\"elementor-section elementor-top-section elementor-element elementor-element-a52d572 elementor-section-boxed elementor-section-height-default elementor-section-height-default\" data-id=\"a52d572\" data-element_type=\"section\">\n\t\t\t\t\t\t<div class=\"elementor-container elementor-column-gap-default\">\n\t\t\t\t\t<div class=\"elementor-column elementor-col-100 elementor-top-column elementor-element elementor-element-bf4c5bd\" data-id=\"bf4c5bd\" data-element_type=\"column\">\n\t\t\t<div class=\"elementor-widget-wrap elementor-element-populated\">\n\t\t\t\t\t\t<div class=\"elementor-element elementor-element-1edf106 elementor-widget elementor-widget-heading\" data-id=\"1edf106\" data-element_type=\"widget\" data-widget_type=\"heading.default\">\n\t\t\t\t<div class=\"elementor-widget-container\">\n\t\t\t\t\t<h2 class=\"elementor-heading-title elementor-size-default\">Banka Hesap Bilgilerimiz<\/h2>\t\t\t\t<\/div>\n\t\t\t\t<\/div>\n\t\t\t\t\t<\/div>\n\t\t<\/div>\n\t\t\t\t\t<\/div>\n\t\t<\/section>\n\t\t\t\t<section class=\"elementor-section elementor-top-section elementor-element elementor-element-d05038c elementor-section-boxed elementor-section-height-default elementor-section-height-default\" data-id=\"d05038c\" data-element_type=\"section\">\n\t\t\t\t\t\t<div class=\"elementor-container elementor-column-gap-default\">\n\t\t\t\t\t<div class=\"elementor-column elementor-col-33 elementor-top-column elementor-element elementor-element-564b24b\" data-id=\"564b24b\" data-element_type=\"column\">\n\t\t\t<div class=\"elementor-widget-wrap elementor-element-populated\">\n\t\t\t\t\t\t<div class=\"elementor-element elementor-element-8c487bd elementor-widget elementor-widget-text-editor\" data-id=\"8c487bd\" data-element_type=\"widget\" data-widget_type=\"text-editor.default\">\n\t\t\t\t<div class=\"elementor-widget-container\">\n\t\t\t\t\t\t\t\t\t<p><span style=\"color: #333300;\">Para birimi:\u00a0<span style=\"font-weight: bold;\">TRY<\/span><\/span><\/p><p><span style=\"color: #333300;\">Hesap Ad\u0131: <span style=\"font-weight: bold;\">NOTTA KUYUMCULUK<\/span><\/span><\/p><p><span style=\"color: #333300;\">Banka:\u00a0<strong>TURKIYE HALK BANKASI A.S.<\/strong><\/span><\/p><p><span style=\"color: #333300;\">IBAN: <strong>TR<span class=\"wmi-callto\">870001200982500010261090<\/span><\/strong><\/span><\/p>\t\t\t\t\t\t\t\t<\/div>\n\t\t\t\t<\/div>\n\t\t\t\t\t<\/div>\n\t\t<\/div>\n\t\t\t\t<div class=\"elementor-column elementor-col-33 elementor-top-column elementor-element elementor-element-fad5e55\" data-id=\"fad5e55\" data-element_type=\"column\">\n\t\t\t<div class=\"elementor-widget-wrap elementor-element-populated\">\n\t\t\t\t\t\t<div class=\"elementor-element elementor-element-859a23a elementor-widget elementor-widget-text-editor\" data-id=\"859a23a\" data-element_type=\"widget\" data-widget_type=\"text-editor.default\">\n\t\t\t\t<div class=\"elementor-widget-container\">\n\t\t\t\t\t\t\t\t\t<p><span style=\"color: #333300;\">Para birimi:\u00a0<strong>USD<\/strong><\/span><\/p><p><span style=\"color: #333300;\">Hesap Ad\u0131: <span style=\"font-weight: bold;\">NOTTA KUYUMCULUK<\/span><\/span><\/p><p><span style=\"color: #333300;\">Banka:\u00a0<strong>TURKIYE HALK BANKASI A.S.<\/strong><\/span><\/p><p><span style=\"color: #333300;\">IBAN: <strong>TR<span class=\"wmi-callto\">260001200982500053865531<\/span><\/strong><\/span><\/p>\t\t\t\t\t\t\t\t<\/div>\n\t\t\t\t<\/div>\n\t\t\t\t\t<\/div>\n\t\t<\/div>\n\t\t\t\t<div class=\"elementor-column elementor-col-33 elementor-top-column elementor-element elementor-element-17bb1e9\" data-id=\"17bb1e9\" data-element_type=\"column\">\n\t\t\t<div class=\"elementor-widget-wrap elementor-element-populated\">\n\t\t\t\t\t\t<div class=\"elementor-element elementor-element-bbf0728 elementor-widget elementor-widget-text-editor\" data-id=\"bbf0728\" data-element_type=\"widget\" data-widget_type=\"text-editor.default\">\n\t\t\t\t<div class=\"elementor-widget-container\">\n\t\t\t\t\t\t\t\t\t<p><span style=\"color: #333300;\">Para birimi:\u00a0<strong>EUR<\/strong><\/span><\/p><p><span style=\"color: #333300;\">Hesap Ad\u0131: <span style=\"font-weight: bold;\">NOTTA KUYUMCULUK<\/span><\/span><\/p><p><span style=\"color: #333300;\">Banka:\u00a0<strong>TURKIYE HALK BANKASI A.S.<\/strong><\/span><\/p><p><span style=\"color: #333300;\">IBAN: <strong>TR<span class=\"wmi-callto\">300001200982500058000278<\/span><\/strong><\/span><\/p>\t\t\t\t\t\t\t\t<\/div>\n\t\t\t\t<\/div>\n\t\t\t\t\t<\/div>\n\t\t<\/div>\n\t\t\t\t\t<\/div>\n\t\t<\/section>\n\t\t\t\t<section class=\"elementor-section elementor-top-section elementor-element elementor-element-d8eb108 elementor-section-boxed elementor-section-height-default elementor-section-height-default\" data-id=\"d8eb108\" data-element_type=\"section\" data-settings=\"{&quot;background_background&quot;:&quot;classic&quot;}\">\n\t\t\t\t\t\t<div class=\"elementor-container elementor-column-gap-wide\">\n\t\t\t\t\t<div class=\"elementor-column elementor-col-100 elementor-top-column elementor-element elementor-element-d6db5d7\" data-id=\"d6db5d7\" data-element_type=\"column\">\n\t\t\t<div class=\"elementor-widget-wrap elementor-element-populated\">\n\t\t\t\t\t\t<div class=\"elementor-element elementor-element-1a19fae elementor-view-framed elementor-shape-square elementor-position-left elementor-mobile-position-top elementor-vertical-align-top elementor-widget elementor-widget-icon-box\" data-id=\"1a19fae\" data-element_type=\"widget\" data-widget_type=\"icon-box.default\">\n\t\t\t\t<div class=\"elementor-widget-container\">\n\t\t\t\t\t\t\t<div class=\"elementor-icon-box-wrapper\">\n\n\t\t\t\t\t\t<div class=\"elementor-icon-box-icon\">\n\t\t\t\t<span  class=\"elementor-icon\">\n\t\t\t\t<i aria-hidden=\"true\" class=\"fas fa-credit-card\"><\/i>\t\t\t\t<\/span>\n\t\t\t<\/div>\n\t\t\t\n\t\t\t\t\t\t<div class=\"elementor-icon-box-content\">\n\n\t\t\t\t\n\t\t\t\t\t\t\t\t\t<p class=\"elementor-icon-box-description\">\n\t\t\t\t\t\tBanka transferi s\u0131ras\u0131nda <b>sipari\u015f numaran\u0131z\u0131<\/b> transfer a\u00e7\u0131klamas\u0131 k\u0131sm\u0131na yaz\u0131n\u0131z.\t\t\t\t\t<\/p>\n\t\t\t\t\n\t\t\t<\/div>\n\t\t\t\n\t\t<\/div>\n\t\t\t\t\t\t<\/div>\n\t\t\t\t<\/div>\n\t\t\t\t\t<\/div>\n\t\t<\/div>\n\t\t\t\t\t<\/div>\n\t\t<\/section>\n\t\t\t\t<\/div>\n\t\t","protected":false},"excerpt":{"rendered":"<p>Banka Hesap Bilgilerimiz Para birimi:\u00a0TRY Hesap Ad\u0131: NOTTA KUYUMCULUK Banka:\u00a0TURKIYE HALK BANKASI A.S. IBAN: TR870001200982500010261090 Para birimi:\u00a0USD Hesap Ad\u0131: NOTTA KUYUMCULUK Banka:\u00a0TURKIYE HALK BANKASI A.S&#8230;.<\/p>\n","protected":false},"author":1,"featured_media":0,"parent":0,"menu_order":0,"comment_status":"closed","ping_status":"closed","template":"","meta":{"_joinchat":[],"footnotes":""},"class_list":["post-14547","page","type-page","status-publish","hentry"],"_links":{"self":[{"href":"https:\/\/bwproject.net\/en\/wp-json\/wp\/v2\/pages\/14547","targetHints":{"allow":["GET"]}}],"collection":[{"href":"https:\/\/bwproject.net\/en\/wp-json\/wp\/v2\/pages"}],"about":[{"href":"https:\/\/bwproject.net\/en\/wp-json\/wp\/v2\/types\/page"}],"author":[{"embeddable":true,"href":"https:\/\/bwproject.net\/en\/wp-json\/wp\/v2\/users\/1"}],"replies":[{"embeddable":true,"href":"https:\/\/bwproject.net\/en\/wp-json\/wp\/v2\/comments?post=14547"}],"version-history":[{"count":3,"href":"https:\/\/bwproject.net\/en\/wp-json\/wp\/v2\/pages\/14547\/revisions"}],"predecessor-version":[{"id":85479,"href":"https:\/\/bwproject.net\/en\/wp-json\/wp\/v2\/pages\/14547\/revisions\/85479"}],"wp:attachment":[{"href":"https:\/\/bwproject.net\/en\/wp-json\/wp\/v2\/media?parent=14547"}],"curies":[{"name":"wp","href":"https:\/\/api.w.org\/{rel}","templated":true}]}}