

{"id":63838,"date":"2023-06-16T17:34:05","date_gmt":"2023-06-16T14:34:05","guid":{"rendered":"https:\/\/bwproject.net\/?page_id=63838"},"modified":"2024-04-04T15:40:22","modified_gmt":"2024-04-04T12:40:22","slug":"yaklasan-etkinlikler","status":"publish","type":"page","link":"https:\/\/bwproject.net\/en\/yaklasan-etkinlikler\/","title":{"rendered":"YAKLA\u015eAN ETK\u0130NL\u0130KLER"},"content":{"rendered":"\t\t<div data-elementor-type=\"wp-page\" data-elementor-id=\"63838\" class=\"elementor elementor-63838\">\n\t\t\t\t\t\t<section class=\"elementor-section elementor-top-section elementor-element elementor-element-eeb1ebf elementor-section-boxed elementor-section-height-default elementor-section-height-default\" data-id=\"eeb1ebf\" data-element_type=\"section\">\n\t\t\t\t\t\t<div class=\"elementor-container elementor-column-gap-default\">\n\t\t\t\t\t<div class=\"elementor-column elementor-col-100 elementor-top-column elementor-element elementor-element-d6cbc66\" data-id=\"d6cbc66\" data-element_type=\"column\">\n\t\t\t<div class=\"elementor-widget-wrap elementor-element-populated\">\n\t\t\t\t\t\t<div class=\"elementor-element elementor-element-d3204a0 elementor-widget elementor-widget-image\" data-id=\"d3204a0\" data-element_type=\"widget\" data-widget_type=\"image.default\">\n\t\t\t\t<div class=\"elementor-widget-container\">\n\t\t\t\t\t\t\t\t\t\t\t\t\t\t\t<img fetchpriority=\"high\" decoding=\"async\" width=\"1024\" height=\"512\" src=\"https:\/\/bwproject.net\/wp-content\/uploads\/2023\/09\/EVENT-BANNER-DESIGN3-1024x512.jpg\" class=\"attachment-large size-large wp-image-73509\" alt=\"\" srcset=\"https:\/\/bwproject.net\/wp-content\/uploads\/2023\/09\/EVENT-BANNER-DESIGN3-1024x512.jpg 1024w, https:\/\/bwproject.net\/wp-content\/uploads\/2023\/09\/EVENT-BANNER-DESIGN3-400x200.jpg 400w, https:\/\/bwproject.net\/wp-content\/uploads\/2023\/09\/EVENT-BANNER-DESIGN3-768x384.jpg 768w, https:\/\/bwproject.net\/wp-content\/uploads\/2023\/09\/EVENT-BANNER-DESIGN3-1536x768.jpg 1536w, https:\/\/bwproject.net\/wp-content\/uploads\/2023\/09\/EVENT-BANNER-DESIGN3-2048x1024.jpg 2048w, https:\/\/bwproject.net\/wp-content\/uploads\/2023\/09\/EVENT-BANNER-DESIGN3-100x50.jpg 100w, https:\/\/bwproject.net\/wp-content\/uploads\/2023\/09\/EVENT-BANNER-DESIGN3-600x300.jpg 600w, https:\/\/bwproject.net\/wp-content\/uploads\/2023\/09\/EVENT-BANNER-DESIGN3-1x1.jpg 1w, https:\/\/bwproject.net\/wp-content\/uploads\/2023\/09\/EVENT-BANNER-DESIGN3-10x5.jpg 10w\" sizes=\"(max-width: 1024px) 100vw, 1024px\" \/>\t\t\t\t\t\t\t\t\t\t\t\t\t\t\t<\/div>\n\t\t\t\t<\/div>\n\t\t\t\t\t<\/div>\n\t\t<\/div>\n\t\t\t\t\t<\/div>\n\t\t<\/section>\n\t\t\t\t<section class=\"elementor-section elementor-top-section elementor-element elementor-element-903ee23 elementor-section-boxed elementor-section-height-default elementor-section-height-default\" data-id=\"903ee23\" data-element_type=\"section\">\n\t\t\t\t\t\t<div class=\"elementor-container elementor-column-gap-default\">\n\t\t\t\t\t<div class=\"elementor-column elementor-col-50 elementor-top-column elementor-element elementor-element-d2d0138\" data-id=\"d2d0138\" data-element_type=\"column\">\n\t\t\t<div class=\"elementor-widget-wrap elementor-element-populated\">\n\t\t\t\t\t\t<div class=\"elementor-element elementor-element-01bd2ca elementor-widget elementor-widget-heading\" data-id=\"01bd2ca\" data-element_type=\"widget\" data-widget_type=\"heading.default\">\n\t\t\t\t<div class=\"elementor-widget-container\">\n\t\t\t\t\t<h2 class=\"elementor-heading-title elementor-size-large\"><br>ISTANBUL JEWELRY SHOW<\/h2>\t\t\t\t<\/div>\n\t\t\t\t<\/div>\n\t\t\t\t<div class=\"elementor-element elementor-element-416c146 elementor-widget elementor-widget-heading\" data-id=\"416c146\" data-element_type=\"widget\" data-widget_type=\"heading.default\">\n\t\t\t\t<div class=\"elementor-widget-container\">\n\t\t\t\t\t<h2 class=\"elementor-heading-title elementor-size-medium\">1. HALL , STAND NO: L-30<\/h2>\t\t\t\t<\/div>\n\t\t\t\t<\/div>\n\t\t\t\t\t<\/div>\n\t\t<\/div>\n\t\t\t\t<div class=\"elementor-column elementor-col-50 elementor-top-column elementor-element elementor-element-76794d1\" data-id=\"76794d1\" data-element_type=\"column\">\n\t\t\t<div class=\"elementor-widget-wrap elementor-element-populated\">\n\t\t\t\t\t\t<div class=\"elementor-element elementor-element-6b5598f elementor-widget elementor-widget-etheme-countdown\" data-id=\"6b5598f\" data-element_type=\"widget\" data-settings=\"{&quot;show_empty_counter&quot;:&quot;yes&quot;}\" data-widget_type=\"etheme-countdown.default\">\n\t\t\t\t<div class=\"elementor-widget-container\">\n\t\t\t\t\t\r\n        <div class=\"etheme-countdown-wrapper\" data-date=\"1713333600\" data-expire-actions=\"[{&quot;type&quot;:&quot;hide&quot;}]\">\r\n\r\n                        <div class=\"etheme-countdown\">\r\n\t\t\t    <div class=\"etheme-countdown-item days label-bottom\"><div class=\"etheme-countdown-item-inner\"><span class=\"etheme-countdown-digits\">0<\/span> <span class=\"etheme-countdown-label\">Days<\/span><\/div><\/div><div class=\"etheme-countdown-item hours label-bottom\"><div class=\"etheme-countdown-item-inner\"><span class=\"etheme-countdown-digits\">0<\/span> <span class=\"etheme-countdown-label\">Hours<\/span><\/div><\/div><div class=\"etheme-countdown-item minutes label-bottom\"><div class=\"etheme-countdown-item-inner\"><span class=\"etheme-countdown-digits\">0<\/span> <span class=\"etheme-countdown-label\">Minutes<\/span><\/div><\/div><div class=\"etheme-countdown-item seconds label-bottom\"><div class=\"etheme-countdown-item-inner\"><span class=\"etheme-countdown-digits\">0<\/span> <span class=\"etheme-countdown-label\">Seconds<\/span><\/div><\/div>\t\t\t<\/div>\r\n      \r\n\t\t            \r\n        <\/div>\r\n        \r\n        \t\t\t\t<\/div>\n\t\t\t\t<\/div>\n\t\t\t\t\t<\/div>\n\t\t<\/div>\n\t\t\t\t\t<\/div>\n\t\t<\/section>\n\t\t\t\t<\/div>\n\t\t","protected":false},"excerpt":{"rendered":"<p>ISTANBUL JEWELRY SHOW 1. HALL , STAND NO: L-30 0 Days0 Hours0 Minutes0 Seconds<\/p>\n","protected":false},"author":1,"featured_media":0,"parent":0,"menu_order":0,"comment_status":"closed","ping_status":"closed","template":"","meta":{"_joinchat":[],"footnotes":""},"class_list":["post-63838","page","type-page","status-publish","hentry"],"_links":{"self":[{"href":"https:\/\/bwproject.net\/en\/wp-json\/wp\/v2\/pages\/63838","targetHints":{"allow":["GET"]}}],"collection":[{"href":"https:\/\/bwproject.net\/en\/wp-json\/wp\/v2\/pages"}],"about":[{"href":"https:\/\/bwproject.net\/en\/wp-json\/wp\/v2\/types\/page"}],"author":[{"embeddable":true,"href":"https:\/\/bwproject.net\/en\/wp-json\/wp\/v2\/users\/1"}],"replies":[{"embeddable":true,"href":"https:\/\/bwproject.net\/en\/wp-json\/wp\/v2\/comments?post=63838"}],"version-history":[{"count":9,"href":"https:\/\/bwproject.net\/en\/wp-json\/wp\/v2\/pages\/63838\/revisions"}],"predecessor-version":[{"id":85684,"href":"https:\/\/bwproject.net\/en\/wp-json\/wp\/v2\/pages\/63838\/revisions\/85684"}],"wp:attachment":[{"href":"https:\/\/bwproject.net\/en\/wp-json\/wp\/v2\/media?parent=63838"}],"curies":[{"name":"wp","href":"https:\/\/api.w.org\/{rel}","templated":true}]}}