

{"id":87384,"date":"2024-06-12T18:58:46","date_gmt":"2024-06-12T15:58:46","guid":{"rendered":"https:\/\/bwproject.net\/?page_id=87384"},"modified":"2024-10-15T13:04:13","modified_gmt":"2024-10-15T10:04:13","slug":"zerduz","status":"publish","type":"page","link":"https:\/\/bwproject.net\/en\/zerduz\/","title":{"rendered":"ZERDUZ"},"content":{"rendered":"\t\t<div data-elementor-type=\"wp-page\" data-elementor-id=\"87384\" class=\"elementor elementor-87384\">\n\t\t\t\t\t\t<section class=\"elementor-section elementor-top-section elementor-element elementor-element-8b1f667 elementor-section-boxed elementor-section-height-default elementor-section-height-default\" data-id=\"8b1f667\" data-element_type=\"section\">\n\t\t\t\t\t\t<div class=\"elementor-container elementor-column-gap-default\">\n\t\t\t\t\t<div class=\"elementor-column elementor-col-100 elementor-top-column elementor-element elementor-element-eb7c99a\" data-id=\"eb7c99a\" data-element_type=\"column\">\n\t\t\t<div class=\"elementor-widget-wrap elementor-element-populated\">\n\t\t\t\t\t\t<div class=\"elementor-element elementor-element-24dff3b elementor-hidden-desktop elementor-hidden-tablet elementor-widget elementor-widget-video\" data-id=\"24dff3b\" data-element_type=\"widget\" data-settings=\"{&quot;video_type&quot;:&quot;hosted&quot;,&quot;autoplay&quot;:&quot;yes&quot;,&quot;play_on_mobile&quot;:&quot;yes&quot;,&quot;mute&quot;:&quot;yes&quot;,&quot;loop&quot;:&quot;yes&quot;,&quot;controls&quot;:&quot;yes&quot;}\" data-widget_type=\"video.default\">\n\t\t\t\t<div class=\"elementor-widget-container\">\n\t\t\t\t\t\t\t<div class=\"e-hosted-video elementor-wrapper elementor-open-inline\">\n\t\t\t\t\t<video class=\"elementor-video\" src=\"https:\/\/bwproject.net\/wp-content\/uploads\/2024\/06\/zerduz-mobil-banner.mp4\" autoplay=\"\" loop=\"\" controls=\"\" muted=\"muted\" playsinline=\"\" controlsList=\"nodownload\"><\/video>\n\t\t\t\t<\/div>\n\t\t\t\t\t\t<\/div>\n\t\t\t\t<\/div>\n\t\t\t\t\t<\/div>\n\t\t<\/div>\n\t\t\t\t\t<\/div>\n\t\t<\/section>\n\t\t\t\t<section class=\"elementor-section elementor-top-section elementor-element elementor-element-99c283b elementor-section-boxed elementor-section-height-default elementor-section-height-default\" data-id=\"99c283b\" data-element_type=\"section\">\n\t\t\t\t\t\t<div class=\"elementor-container elementor-column-gap-default\">\n\t\t\t\t\t<div class=\"elementor-column elementor-col-100 elementor-top-column elementor-element elementor-element-c82c948\" data-id=\"c82c948\" data-element_type=\"column\">\n\t\t\t<div class=\"elementor-widget-wrap elementor-element-populated\">\n\t\t\t\t\t\t<div class=\"elementor-element elementor-element-d0ffe7c elementor-hidden-mobile elementor-widget elementor-widget-video\" data-id=\"d0ffe7c\" data-element_type=\"widget\" data-settings=\"{&quot;video_type&quot;:&quot;hosted&quot;,&quot;autoplay&quot;:&quot;yes&quot;,&quot;mute&quot;:&quot;yes&quot;,&quot;loop&quot;:&quot;yes&quot;}\" data-widget_type=\"video.default\">\n\t\t\t\t<div class=\"elementor-widget-container\">\n\t\t\t\t\t\t\t<div class=\"e-hosted-video elementor-wrapper elementor-open-inline\">\n\t\t\t\t\t<video class=\"elementor-video\" src=\"https:\/\/bwproject.net\/wp-content\/uploads\/2024\/06\/BANNER.mp4\" autoplay=\"\" loop=\"\" muted=\"muted\"><\/video>\n\t\t\t\t<\/div>\n\t\t\t\t\t\t<\/div>\n\t\t\t\t<\/div>\n\t\t\t\t\t<\/div>\n\t\t<\/div>\n\t\t\t\t\t<\/div>\n\t\t<\/section>\n\t\t\t\t<section class=\"elementor-section elementor-top-section elementor-element elementor-element-8333efa elementor-section-boxed elementor-section-height-default elementor-section-height-default\" data-id=\"8333efa\" data-element_type=\"section\">\n\t\t\t\t\t\t<div class=\"elementor-container elementor-column-gap-default\">\n\t\t\t\t\t<div class=\"elementor-column elementor-col-100 elementor-top-column elementor-element elementor-element-581caf9\" data-id=\"581caf9\" data-element_type=\"column\">\n\t\t\t<div class=\"elementor-widget-wrap elementor-element-populated\">\n\t\t\t\t\t\t<div class=\"elementor-element elementor-element-40a3aee elementor-widget elementor-widget-spacer\" data-id=\"40a3aee\" data-element_type=\"widget\" data-widget_type=\"spacer.default\">\n\t\t\t\t<div class=\"elementor-widget-container\">\n\t\t\t\t\t\t\t<div class=\"elementor-spacer\">\n\t\t\t<div class=\"elementor-spacer-inner\"><\/div>\n\t\t<\/div>\n\t\t\t\t\t\t<\/div>\n\t\t\t\t<\/div>\n\t\t\t\t\t<\/div>\n\t\t<\/div>\n\t\t\t\t\t<\/div>\n\t\t<\/section>\n\t\t\t\t<section class=\"elementor-section elementor-top-section elementor-element elementor-element-afc6da1 elementor-section-boxed elementor-section-height-default elementor-section-height-default\" data-id=\"afc6da1\" data-element_type=\"section\">\n\t\t\t\t\t\t<div class=\"elementor-container elementor-column-gap-default\">\n\t\t\t\t\t<div class=\"elementor-column elementor-col-50 elementor-top-column elementor-element elementor-element-ff87cdc\" data-id=\"ff87cdc\" data-element_type=\"column\">\n\t\t\t<div class=\"elementor-widget-wrap elementor-element-populated\">\n\t\t\t\t\t\t<div class=\"elementor-element elementor-element-5766f8d elementor-widget elementor-widget-video\" data-id=\"5766f8d\" data-element_type=\"widget\" data-settings=\"{&quot;video_type&quot;:&quot;hosted&quot;,&quot;start&quot;:5,&quot;autoplay&quot;:&quot;yes&quot;,&quot;controls&quot;:&quot;yes&quot;}\" data-widget_type=\"video.default\">\n\t\t\t\t<div class=\"elementor-widget-container\">\n\t\t\t\t\t\t\t<div class=\"e-hosted-video elementor-wrapper elementor-open-inline\">\n\t\t\t\t\t<video class=\"elementor-video\" src=\"https:\/\/bwproject.net\/wp-content\/uploads\/2024\/06\/zerduz.mp4#t=5\" autoplay=\"\" controls=\"\" controlsList=\"nodownload\"><\/video>\n\t\t\t\t<\/div>\n\t\t\t\t\t\t<\/div>\n\t\t\t\t<\/div>\n\t\t\t\t\t<\/div>\n\t\t<\/div>\n\t\t\t\t<div class=\"elementor-column elementor-col-50 elementor-top-column elementor-element elementor-element-27513d6\" data-id=\"27513d6\" data-element_type=\"column\">\n\t\t\t<div class=\"elementor-widget-wrap elementor-element-populated\">\n\t\t\t\t\t\t<div class=\"elementor-element elementor-element-663af7a elementor-widget elementor-widget-image\" data-id=\"663af7a\" data-element_type=\"widget\" data-widget_type=\"image.default\">\n\t\t\t\t<div class=\"elementor-widget-container\">\n\t\t\t\t\t\t\t\t\t\t\t\t\t\t\t<img fetchpriority=\"high\" decoding=\"async\" width=\"1024\" height=\"1024\" src=\"https:\/\/bwproject.net\/wp-content\/uploads\/2024\/06\/ZERDUZ-NEDIR-1024x1024.jpg\" class=\"attachment-large size-large wp-image-87450\" alt=\"\" srcset=\"https:\/\/bwproject.net\/wp-content\/uploads\/2024\/06\/ZERDUZ-NEDIR-1024x1024.jpg 1024w, https:\/\/bwproject.net\/wp-content\/uploads\/2024\/06\/ZERDUZ-NEDIR-400x400.jpg 400w, https:\/\/bwproject.net\/wp-content\/uploads\/2024\/06\/ZERDUZ-NEDIR-300x300.jpg 300w, https:\/\/bwproject.net\/wp-content\/uploads\/2024\/06\/ZERDUZ-NEDIR-768x768.jpg 768w, https:\/\/bwproject.net\/wp-content\/uploads\/2024\/06\/ZERDUZ-NEDIR-100x100.jpg 100w, https:\/\/bwproject.net\/wp-content\/uploads\/2024\/06\/ZERDUZ-NEDIR-600x600.jpg 600w, https:\/\/bwproject.net\/wp-content\/uploads\/2024\/06\/ZERDUZ-NEDIR-1x1.jpg 1w, https:\/\/bwproject.net\/wp-content\/uploads\/2024\/06\/ZERDUZ-NEDIR-10x10.jpg 10w, https:\/\/bwproject.net\/wp-content\/uploads\/2024\/06\/ZERDUZ-NEDIR.jpg 1080w\" sizes=\"(max-width: 1024px) 100vw, 1024px\" \/>\t\t\t\t\t\t\t\t\t\t\t\t\t\t\t<\/div>\n\t\t\t\t<\/div>\n\t\t\t\t\t<\/div>\n\t\t<\/div>\n\t\t\t\t\t<\/div>\n\t\t<\/section>\n\t\t\t\t<section class=\"elementor-section elementor-top-section elementor-element elementor-element-344e6cd elementor-section-boxed elementor-section-height-default elementor-section-height-default\" data-id=\"344e6cd\" data-element_type=\"section\">\n\t\t\t\t\t\t<div class=\"elementor-container elementor-column-gap-default\">\n\t\t\t\t\t<div class=\"elementor-column elementor-col-100 elementor-top-column elementor-element elementor-element-d5b739a\" data-id=\"d5b739a\" data-element_type=\"column\">\n\t\t\t<div class=\"elementor-widget-wrap elementor-element-populated\">\n\t\t\t\t\t\t<div class=\"elementor-element elementor-element-2194780 elementor-mobile-align-center elementor-hidden-desktop elementor-hidden-tablet elementor-widget elementor-widget-button\" data-id=\"2194780\" data-element_type=\"widget\" data-widget_type=\"button.default\">\n\t\t\t\t<div class=\"elementor-widget-container\">\n\t\t\t\t\t\t\t\t\t<div class=\"elementor-button-wrapper\">\n\t\t\t\t\t<a class=\"elementor-button elementor-button-link elementor-size-md\" href=\"#\">\n\t\t\t\t\t\t<span class=\"elementor-button-content-wrapper\">\n\t\t\t\t\t\t\t\t\t<span class=\"elementor-button-text\">\u015e\u0130MD\u0130 SATIN AL<\/span>\n\t\t\t\t\t<\/span>\n\t\t\t\t\t<\/a>\n\t\t\t\t<\/div>\n\t\t\t\t\t\t\t\t<\/div>\n\t\t\t\t<\/div>\n\t\t\t\t\t<\/div>\n\t\t<\/div>\n\t\t\t\t\t<\/div>\n\t\t<\/section>\n\t\t\t\t<section class=\"elementor-section elementor-top-section elementor-element elementor-element-5395bdb elementor-section-boxed elementor-section-height-default elementor-section-height-default\" data-id=\"5395bdb\" data-element_type=\"section\">\n\t\t\t\t\t\t<div class=\"elementor-container elementor-column-gap-default\">\n\t\t\t\t\t<div class=\"elementor-column elementor-col-100 elementor-top-column elementor-element elementor-element-78b2d8d\" data-id=\"78b2d8d\" data-element_type=\"column\">\n\t\t\t<div class=\"elementor-widget-wrap elementor-element-populated\">\n\t\t\t\t\t\t<div class=\"elementor-element elementor-element-4a7cc1f elementor-widget elementor-widget-spacer\" data-id=\"4a7cc1f\" data-element_type=\"widget\" data-widget_type=\"spacer.default\">\n\t\t\t\t<div class=\"elementor-widget-container\">\n\t\t\t\t\t\t\t<div class=\"elementor-spacer\">\n\t\t\t<div class=\"elementor-spacer-inner\"><\/div>\n\t\t<\/div>\n\t\t\t\t\t\t<\/div>\n\t\t\t\t<\/div>\n\t\t\t\t\t<\/div>\n\t\t<\/div>\n\t\t\t\t\t<\/div>\n\t\t<\/section>\n\t\t\t\t<section class=\"elementor-section elementor-top-section elementor-element elementor-element-4656f20 elementor-section-boxed elementor-section-height-default elementor-section-height-default\" data-id=\"4656f20\" data-element_type=\"section\">\n\t\t\t\t\t\t<div class=\"elementor-container elementor-column-gap-default\">\n\t\t\t\t\t<div class=\"elementor-column elementor-col-100 elementor-top-column elementor-element elementor-element-57512de\" data-id=\"57512de\" data-element_type=\"column\">\n\t\t\t<div class=\"elementor-widget-wrap elementor-element-populated\">\n\t\t\t\t\t\t<div class=\"elementor-element elementor-element-30cb4ec elementor-align-center elementor-hidden-mobile elementor-widget elementor-widget-button\" data-id=\"30cb4ec\" data-element_type=\"widget\" data-widget_type=\"button.default\">\n\t\t\t\t<div class=\"elementor-widget-container\">\n\t\t\t\t\t\t\t\t\t<div class=\"elementor-button-wrapper\">\n\t\t\t\t\t<a class=\"elementor-button elementor-button-link elementor-size-xl\" href=\"https:\/\/bwproject.net\/urun\/zerduz\/\">\n\t\t\t\t\t\t<span class=\"elementor-button-content-wrapper\">\n\t\t\t\t\t\t\t\t\t<span class=\"elementor-button-text\">\u015e\u0130MD\u0130 SATIN AL<\/span>\n\t\t\t\t\t<\/span>\n\t\t\t\t\t<\/a>\n\t\t\t\t<\/div>\n\t\t\t\t\t\t\t\t<\/div>\n\t\t\t\t<\/div>\n\t\t\t\t\t<\/div>\n\t\t<\/div>\n\t\t\t\t\t<\/div>\n\t\t<\/section>\n\t\t\t\t<section class=\"elementor-section elementor-top-section elementor-element elementor-element-b513b5d elementor-section-boxed elementor-section-height-default elementor-section-height-default\" data-id=\"b513b5d\" data-element_type=\"section\">\n\t\t\t\t\t\t<div class=\"elementor-container elementor-column-gap-default\">\n\t\t\t\t\t<div class=\"elementor-column elementor-col-100 elementor-top-column elementor-element elementor-element-bdc8208\" data-id=\"bdc8208\" data-element_type=\"column\">\n\t\t\t<div class=\"elementor-widget-wrap elementor-element-populated\">\n\t\t\t\t\t\t<div class=\"elementor-element elementor-element-504b228 elementor-widget elementor-widget-spacer\" data-id=\"504b228\" data-element_type=\"widget\" data-widget_type=\"spacer.default\">\n\t\t\t\t<div class=\"elementor-widget-container\">\n\t\t\t\t\t\t\t<div class=\"elementor-spacer\">\n\t\t\t<div class=\"elementor-spacer-inner\"><\/div>\n\t\t<\/div>\n\t\t\t\t\t\t<\/div>\n\t\t\t\t<\/div>\n\t\t\t\t\t<\/div>\n\t\t<\/div>\n\t\t\t\t\t<\/div>\n\t\t<\/section>\n\t\t\t\t<section class=\"elementor-section elementor-top-section elementor-element elementor-element-0b3fd5f elementor-section-boxed elementor-section-height-default elementor-section-height-default\" data-id=\"0b3fd5f\" data-element_type=\"section\">\n\t\t\t\t\t\t<div class=\"elementor-container elementor-column-gap-default\">\n\t\t\t\t\t<div class=\"elementor-column elementor-col-100 elementor-top-column elementor-element elementor-element-b413e54\" data-id=\"b413e54\" data-element_type=\"column\">\n\t\t\t<div class=\"elementor-widget-wrap elementor-element-populated\">\n\t\t\t\t\t\t<div class=\"elementor-element elementor-element-92f5932 elementor-hidden-desktop elementor-hidden-tablet elementor-widget elementor-widget-image\" data-id=\"92f5932\" data-element_type=\"widget\" data-widget_type=\"image.default\">\n\t\t\t\t<div class=\"elementor-widget-container\">\n\t\t\t\t\t\t\t\t\t\t\t\t\t\t\t<img decoding=\"async\" width=\"1024\" height=\"1024\" src=\"https:\/\/bwproject.net\/wp-content\/uploads\/2024\/06\/kutu-icerigi-mobil-1024x1024.jpg\" class=\"attachment-large size-large wp-image-87473\" alt=\"\" srcset=\"https:\/\/bwproject.net\/wp-content\/uploads\/2024\/06\/kutu-icerigi-mobil-1024x1024.jpg 1024w, https:\/\/bwproject.net\/wp-content\/uploads\/2024\/06\/kutu-icerigi-mobil-400x400.jpg 400w, https:\/\/bwproject.net\/wp-content\/uploads\/2024\/06\/kutu-icerigi-mobil-300x300.jpg 300w, https:\/\/bwproject.net\/wp-content\/uploads\/2024\/06\/kutu-icerigi-mobil-768x768.jpg 768w, https:\/\/bwproject.net\/wp-content\/uploads\/2024\/06\/kutu-icerigi-mobil-100x100.jpg 100w, https:\/\/bwproject.net\/wp-content\/uploads\/2024\/06\/kutu-icerigi-mobil-600x600.jpg 600w, https:\/\/bwproject.net\/wp-content\/uploads\/2024\/06\/kutu-icerigi-mobil-1x1.jpg 1w, https:\/\/bwproject.net\/wp-content\/uploads\/2024\/06\/kutu-icerigi-mobil-10x10.jpg 10w, https:\/\/bwproject.net\/wp-content\/uploads\/2024\/06\/kutu-icerigi-mobil.jpg 1080w\" sizes=\"(max-width: 1024px) 100vw, 1024px\" \/>\t\t\t\t\t\t\t\t\t\t\t\t\t\t\t<\/div>\n\t\t\t\t<\/div>\n\t\t\t\t\t<\/div>\n\t\t<\/div>\n\t\t\t\t\t<\/div>\n\t\t<\/section>\n\t\t\t\t<section class=\"elementor-section elementor-top-section elementor-element elementor-element-320f317 elementor-section-boxed elementor-section-height-default elementor-section-height-default\" data-id=\"320f317\" data-element_type=\"section\">\n\t\t\t\t\t\t<div class=\"elementor-container elementor-column-gap-default\">\n\t\t\t\t\t<div class=\"elementor-column elementor-col-100 elementor-top-column elementor-element elementor-element-1a7b846\" data-id=\"1a7b846\" data-element_type=\"column\">\n\t\t\t<div class=\"elementor-widget-wrap elementor-element-populated\">\n\t\t\t\t\t\t<div class=\"elementor-element elementor-element-2075849 elementor-hidden-mobile elementor-widget elementor-widget-image\" data-id=\"2075849\" data-element_type=\"widget\" data-widget_type=\"image.default\">\n\t\t\t\t<div class=\"elementor-widget-container\">\n\t\t\t\t\t\t\t\t\t\t\t\t\t\t\t<img decoding=\"async\" width=\"1024\" height=\"576\" src=\"https:\/\/bwproject.net\/wp-content\/uploads\/2024\/06\/ZERDUZ-ICERIK1-1024x576.jpg\" class=\"attachment-large size-large wp-image-87447\" alt=\"\" srcset=\"https:\/\/bwproject.net\/wp-content\/uploads\/2024\/06\/ZERDUZ-ICERIK1-1024x576.jpg 1024w, https:\/\/bwproject.net\/wp-content\/uploads\/2024\/06\/ZERDUZ-ICERIK1-400x225.jpg 400w, https:\/\/bwproject.net\/wp-content\/uploads\/2024\/06\/ZERDUZ-ICERIK1-768x432.jpg 768w, https:\/\/bwproject.net\/wp-content\/uploads\/2024\/06\/ZERDUZ-ICERIK1-1536x864.jpg 1536w, https:\/\/bwproject.net\/wp-content\/uploads\/2024\/06\/ZERDUZ-ICERIK1-100x56.jpg 100w, https:\/\/bwproject.net\/wp-content\/uploads\/2024\/06\/ZERDUZ-ICERIK1-600x338.jpg 600w, https:\/\/bwproject.net\/wp-content\/uploads\/2024\/06\/ZERDUZ-ICERIK1-1x1.jpg 1w, https:\/\/bwproject.net\/wp-content\/uploads\/2024\/06\/ZERDUZ-ICERIK1-10x6.jpg 10w, https:\/\/bwproject.net\/wp-content\/uploads\/2024\/06\/ZERDUZ-ICERIK1.jpg 1920w\" sizes=\"(max-width: 1024px) 100vw, 1024px\" \/>\t\t\t\t\t\t\t\t\t\t\t\t\t\t\t<\/div>\n\t\t\t\t<\/div>\n\t\t\t\t\t<\/div>\n\t\t<\/div>\n\t\t\t\t\t<\/div>\n\t\t<\/section>\n\t\t\t\t<section class=\"elementor-section elementor-top-section elementor-element elementor-element-f041be3 elementor-section-boxed elementor-section-height-default elementor-section-height-default\" data-id=\"f041be3\" data-element_type=\"section\">\n\t\t\t\t\t\t<div class=\"elementor-container elementor-column-gap-default\">\n\t\t\t\t\t<div class=\"elementor-column elementor-col-100 elementor-top-column elementor-element elementor-element-e7b2520\" data-id=\"e7b2520\" data-element_type=\"column\">\n\t\t\t<div class=\"elementor-widget-wrap elementor-element-populated\">\n\t\t\t\t\t\t<div class=\"elementor-element elementor-element-a8cf515 elementor-widget elementor-widget-spacer\" data-id=\"a8cf515\" data-element_type=\"widget\" data-widget_type=\"spacer.default\">\n\t\t\t\t<div class=\"elementor-widget-container\">\n\t\t\t\t\t\t\t<div class=\"elementor-spacer\">\n\t\t\t<div class=\"elementor-spacer-inner\"><\/div>\n\t\t<\/div>\n\t\t\t\t\t\t<\/div>\n\t\t\t\t<\/div>\n\t\t\t\t\t<\/div>\n\t\t<\/div>\n\t\t\t\t\t<\/div>\n\t\t<\/section>\n\t\t\t\t<section class=\"elementor-section elementor-top-section elementor-element elementor-element-0597b8b elementor-section-boxed elementor-section-height-default elementor-section-height-default\" data-id=\"0597b8b\" data-element_type=\"section\">\n\t\t\t\t\t\t<div class=\"elementor-container elementor-column-gap-default\">\n\t\t\t\t\t<div class=\"elementor-column elementor-col-100 elementor-top-column elementor-element elementor-element-05393b6\" data-id=\"05393b6\" data-element_type=\"column\">\n\t\t\t<div class=\"elementor-widget-wrap elementor-element-populated\">\n\t\t\t\t\t\t<div class=\"elementor-element elementor-element-0e05fea elementor-hidden-desktop elementor-hidden-tablet elementor-widget elementor-widget-image\" data-id=\"0e05fea\" data-element_type=\"widget\" data-widget_type=\"image.default\">\n\t\t\t\t<div class=\"elementor-widget-container\">\n\t\t\t\t\t\t\t\t\t\t\t\t\t\t\t<img loading=\"lazy\" decoding=\"async\" width=\"1024\" height=\"1024\" src=\"https:\/\/bwproject.net\/wp-content\/uploads\/2024\/06\/urun-ozellikleri-mobil-1024x1024.jpg\" class=\"attachment-large size-large wp-image-87475\" alt=\"\" srcset=\"https:\/\/bwproject.net\/wp-content\/uploads\/2024\/06\/urun-ozellikleri-mobil-1024x1024.jpg 1024w, https:\/\/bwproject.net\/wp-content\/uploads\/2024\/06\/urun-ozellikleri-mobil-400x400.jpg 400w, https:\/\/bwproject.net\/wp-content\/uploads\/2024\/06\/urun-ozellikleri-mobil-300x300.jpg 300w, https:\/\/bwproject.net\/wp-content\/uploads\/2024\/06\/urun-ozellikleri-mobil-768x768.jpg 768w, https:\/\/bwproject.net\/wp-content\/uploads\/2024\/06\/urun-ozellikleri-mobil-100x100.jpg 100w, https:\/\/bwproject.net\/wp-content\/uploads\/2024\/06\/urun-ozellikleri-mobil-600x600.jpg 600w, https:\/\/bwproject.net\/wp-content\/uploads\/2024\/06\/urun-ozellikleri-mobil-1x1.jpg 1w, https:\/\/bwproject.net\/wp-content\/uploads\/2024\/06\/urun-ozellikleri-mobil-10x10.jpg 10w, https:\/\/bwproject.net\/wp-content\/uploads\/2024\/06\/urun-ozellikleri-mobil.jpg 1080w\" sizes=\"(max-width: 1024px) 100vw, 1024px\" \/>\t\t\t\t\t\t\t\t\t\t\t\t\t\t\t<\/div>\n\t\t\t\t<\/div>\n\t\t\t\t\t<\/div>\n\t\t<\/div>\n\t\t\t\t\t<\/div>\n\t\t<\/section>\n\t\t\t\t<section class=\"elementor-section elementor-top-section elementor-element elementor-element-8999e57 elementor-section-boxed elementor-section-height-default elementor-section-height-default\" data-id=\"8999e57\" data-element_type=\"section\">\n\t\t\t\t\t\t<div class=\"elementor-container elementor-column-gap-default\">\n\t\t\t\t\t<div class=\"elementor-column elementor-col-100 elementor-top-column elementor-element elementor-element-a8801b2\" data-id=\"a8801b2\" data-element_type=\"column\">\n\t\t\t<div class=\"elementor-widget-wrap elementor-element-populated\">\n\t\t\t\t\t\t<div class=\"elementor-element elementor-element-96de659 elementor-hidden-mobile elementor-widget elementor-widget-image\" data-id=\"96de659\" data-element_type=\"widget\" data-widget_type=\"image.default\">\n\t\t\t\t<div class=\"elementor-widget-container\">\n\t\t\t\t\t\t\t\t\t\t\t\t\t\t\t<img loading=\"lazy\" decoding=\"async\" width=\"1024\" height=\"576\" src=\"https:\/\/bwproject.net\/wp-content\/uploads\/2024\/06\/URUN-OZELLIKLERI-1024x576.jpg\" class=\"attachment-large size-large wp-image-87452\" alt=\"\" srcset=\"https:\/\/bwproject.net\/wp-content\/uploads\/2024\/06\/URUN-OZELLIKLERI-1024x576.jpg 1024w, https:\/\/bwproject.net\/wp-content\/uploads\/2024\/06\/URUN-OZELLIKLERI-400x225.jpg 400w, https:\/\/bwproject.net\/wp-content\/uploads\/2024\/06\/URUN-OZELLIKLERI-768x432.jpg 768w, https:\/\/bwproject.net\/wp-content\/uploads\/2024\/06\/URUN-OZELLIKLERI-1536x864.jpg 1536w, https:\/\/bwproject.net\/wp-content\/uploads\/2024\/06\/URUN-OZELLIKLERI-100x56.jpg 100w, https:\/\/bwproject.net\/wp-content\/uploads\/2024\/06\/URUN-OZELLIKLERI-600x338.jpg 600w, https:\/\/bwproject.net\/wp-content\/uploads\/2024\/06\/URUN-OZELLIKLERI-1x1.jpg 1w, https:\/\/bwproject.net\/wp-content\/uploads\/2024\/06\/URUN-OZELLIKLERI-10x6.jpg 10w, https:\/\/bwproject.net\/wp-content\/uploads\/2024\/06\/URUN-OZELLIKLERI.jpg 1920w\" sizes=\"(max-width: 1024px) 100vw, 1024px\" \/>\t\t\t\t\t\t\t\t\t\t\t\t\t\t\t<\/div>\n\t\t\t\t<\/div>\n\t\t\t\t\t<\/div>\n\t\t<\/div>\n\t\t\t\t\t<\/div>\n\t\t<\/section>\n\t\t\t\t<\/div>\n\t\t","protected":false},"excerpt":{"rendered":"<p>https:\/\/bwproject.net\/wp-content\/uploads\/2024\/06\/zerduz-mobil-banner.mp4https:\/\/bwproject.net\/wp-content\/uploads\/2024\/06\/BANNER.mp4 https:\/\/bwproject.net\/wp-content\/uploads\/2024\/06\/zerduz.mp4#t=5 \u015e\u0130MD\u0130 SATIN AL \u015e\u0130MD\u0130 SATIN AL<\/p>\n","protected":false},"author":1,"featured_media":0,"parent":0,"menu_order":0,"comment_status":"closed","ping_status":"closed","template":"","meta":{"_joinchat":[],"footnotes":""},"class_list":["post-87384","page","type-page","status-publish","hentry"],"_links":{"self":[{"href":"https:\/\/bwproject.net\/en\/wp-json\/wp\/v2\/pages\/87384","targetHints":{"allow":["GET"]}}],"collection":[{"href":"https:\/\/bwproject.net\/en\/wp-json\/wp\/v2\/pages"}],"about":[{"href":"https:\/\/bwproject.net\/en\/wp-json\/wp\/v2\/types\/page"}],"author":[{"embeddable":true,"href":"https:\/\/bwproject.net\/en\/wp-json\/wp\/v2\/users\/1"}],"replies":[{"embeddable":true,"href":"https:\/\/bwproject.net\/en\/wp-json\/wp\/v2\/comments?post=87384"}],"version-history":[{"count":28,"href":"https:\/\/bwproject.net\/en\/wp-json\/wp\/v2\/pages\/87384\/revisions"}],"predecessor-version":[{"id":93075,"href":"https:\/\/bwproject.net\/en\/wp-json\/wp\/v2\/pages\/87384\/revisions\/93075"}],"wp:attachment":[{"href":"https:\/\/bwproject.net\/en\/wp-json\/wp\/v2\/media?parent=87384"}],"curies":[{"name":"wp","href":"https:\/\/api.w.org\/{rel}","templated":true}]}}