

{"id":87387,"date":"2024-06-12T19:01:32","date_gmt":"2024-06-12T16:01:32","guid":{"rendered":"https:\/\/bwproject.net\/?post_type=product&#038;p=87387"},"modified":"2024-06-13T19:10:33","modified_gmt":"2024-06-13T16:10:33","slug":"zerduz","status":"publish","type":"product","link":"https:\/\/bwproject.net\/en\/urun\/zerduz\/","title":{"rendered":"ZERDUZ"},"content":{"rendered":"<p>&nbsp;<\/p>\n<p><strong>KUYUMCULARA \u00d6ZEL HESAP MAK\u0130NES\u0130<\/strong><\/p>\n<p>\u0130nternete ba\u011flanabilen, alt\u0131n ve g\u00fcm\u00fc\u015f hesab\u0131n\u0131 rahatl\u0131kla yapabilece\u011finiz fonksiyonlara sahip yeni nesil hesap makinesi&#8230;<\/p>\n<p>Detayl\u0131 bilgi i\u00e7in t\u0131klay\u0131n; <strong><a href=\"https:\/\/bwproject.net\/zerduz\/\">ZERDUZ HAKKINDA<\/a><\/strong><\/p>\n<p>Ekran: 800 x 1280 GG3 HD Touch<br \/>\n\u0130\u015flemci: A523 1.8 GHz<br \/>\nDepolama: 4 GB \/ 32 GB<br \/>\nBatarya Kapasitesi: 6000 mAh<br \/>\nWiFi: 2.4 GHz veya 5GHz ve WiFi 6<br \/>\nHoparl\u00f6r: 2x 2 W<br \/>\nKablosuz Ba\u011flant\u0131: Bluetooth \/ WiFi \/ NFC<br \/>\nSarj Giri\u015fi: Type C<br \/>\n\u00c7al\u0131\u015fma S\u0131cakl\u0131\u011f\u0131: 10-45 \u2103<\/p>\n","protected":false},"excerpt":{"rendered":"<p>&nbsp; KUYUMCULARA \u00d6ZEL HESAP MAK\u0130NES\u0130 \u0130nternete ba\u011flanabilen, alt\u0131n ve g\u00fcm\u00fc\u015f hesab\u0131n\u0131 rahatl\u0131kla yapabilece\u011finiz fonksiyonlara sahip yeni nesil hesap makinesi&#8230; Detayl\u0131 bilgi i\u00e7in t\u0131klay\u0131n; ZERDUZ HAKKINDA&#8230;<\/p>\n","protected":false},"featured_media":87392,"template":"","meta":{"_joinchat":[]},"etheme_brands":[],"product_brand":[],"product_cat":[15],"product_tag":[],"class_list":{"0":"post-87387","1":"product","2":"type-product","3":"status-publish","4":"has-post-thumbnail","6":"product_cat-genel","8":"first","9":"instock","10":"shipping-taxable","11":"purchasable","12":"product-type-simple"},"_links":{"self":[{"href":"https:\/\/bwproject.net\/en\/wp-json\/wp\/v2\/product\/87387","targetHints":{"allow":["GET"]}}],"collection":[{"href":"https:\/\/bwproject.net\/en\/wp-json\/wp\/v2\/product"}],"about":[{"href":"https:\/\/bwproject.net\/en\/wp-json\/wp\/v2\/types\/product"}],"wp:featuredmedia":[{"embeddable":true,"href":"https:\/\/bwproject.net\/en\/wp-json\/wp\/v2\/media\/87392"}],"wp:attachment":[{"href":"https:\/\/bwproject.net\/en\/wp-json\/wp\/v2\/media?parent=87387"}],"wp:term":[{"taxonomy":"brand","embeddable":true,"href":"https:\/\/bwproject.net\/en\/wp-json\/wp\/v2\/etheme_brands?post=87387"},{"taxonomy":"product_brand","embeddable":true,"href":"https:\/\/bwproject.net\/en\/wp-json\/wp\/v2\/product_brand?post=87387"},{"taxonomy":"product_cat","embeddable":true,"href":"https:\/\/bwproject.net\/en\/wp-json\/wp\/v2\/product_cat?post=87387"},{"taxonomy":"product_tag","embeddable":true,"href":"https:\/\/bwproject.net\/en\/wp-json\/wp\/v2\/product_tag?post=87387"}],"curies":[{"name":"wp","href":"https:\/\/api.w.org\/{rel}","templated":true}]}}