

{"id":93172,"date":"2024-10-16T13:54:36","date_gmt":"2024-10-16T10:54:36","guid":{"rendered":"https:\/\/bwproject.net\/?post_type=product&#038;p=93172"},"modified":"2024-10-16T13:58:43","modified_gmt":"2024-10-16T10:58:43","slug":"bulunmaz-3d","status":"publish","type":"product","link":"https:\/\/bwproject.net\/en\/urun\/bulunmaz-3d\/","title":{"rendered":"BULUNMAZ 3D"},"content":{"rendered":"<p>&nbsp;<\/p>\n<p>RE\u00c7\u0130NE MAK\u0130NES\u0130 \/ RESIN MACHINE<\/p>\n<p>Daha fazla bilgi i\u00e7in t\u0131klay\u0131n; <strong><a href=\"https:\/\/bwproject.net\/recine-makinesi\/\">BULUNMAZ 3D HAKKINDA<\/a><\/strong><\/p>\n<p>Click for detailed informations; <strong><a href=\"https:\/\/bwproject.net\/en\/resin-machine\/\">ABOUT BULUNMAZ 3D<\/a><\/strong><\/p>\n","protected":false},"excerpt":{"rendered":"<p>&nbsp; RE\u00c7\u0130NE MAK\u0130NES\u0130 \/ RESIN MACHINE Daha fazla bilgi i\u00e7in t\u0131klay\u0131n; BULUNMAZ 3D HAKKINDA Click for detailed informations; ABOUT BULUNMAZ 3D<\/p>\n","protected":false},"featured_media":93036,"template":"","meta":{"_joinchat":[]},"etheme_brands":[],"product_brand":[],"product_cat":[15],"product_tag":[],"class_list":{"0":"post-93172","1":"product","2":"type-product","3":"status-publish","4":"has-post-thumbnail","6":"product_cat-genel","8":"first","9":"instock","10":"shipping-taxable","11":"purchasable","12":"product-type-variable","13":"has-default-attributes"},"_links":{"self":[{"href":"https:\/\/bwproject.net\/en\/wp-json\/wp\/v2\/product\/93172","targetHints":{"allow":["GET"]}}],"collection":[{"href":"https:\/\/bwproject.net\/en\/wp-json\/wp\/v2\/product"}],"about":[{"href":"https:\/\/bwproject.net\/en\/wp-json\/wp\/v2\/types\/product"}],"wp:featuredmedia":[{"embeddable":true,"href":"https:\/\/bwproject.net\/en\/wp-json\/wp\/v2\/media\/93036"}],"wp:attachment":[{"href":"https:\/\/bwproject.net\/en\/wp-json\/wp\/v2\/media?parent=93172"}],"wp:term":[{"taxonomy":"brand","embeddable":true,"href":"https:\/\/bwproject.net\/en\/wp-json\/wp\/v2\/etheme_brands?post=93172"},{"taxonomy":"product_brand","embeddable":true,"href":"https:\/\/bwproject.net\/en\/wp-json\/wp\/v2\/product_brand?post=93172"},{"taxonomy":"product_cat","embeddable":true,"href":"https:\/\/bwproject.net\/en\/wp-json\/wp\/v2\/product_cat?post=93172"},{"taxonomy":"product_tag","embeddable":true,"href":"https:\/\/bwproject.net\/en\/wp-json\/wp\/v2\/product_tag?post=93172"}],"curies":[{"name":"wp","href":"https:\/\/api.w.org\/{rel}","templated":true}]}}